{"id":703,"date":"2024-12-24T16:55:15","date_gmt":"2024-12-24T15:55:15","guid":{"rendered":"https:\/\/www.primalucespace.com\/?page_id=703"},"modified":"2026-02-12T10:37:08","modified_gmt":"2026-02-12T09:37:08","slug":"gs-100ii-kompakt-anten-takip-sistemi","status":"publish","type":"page","link":"https:\/\/www.primalucespace.com\/tr\/gs-100ii-compact-antenna-tracking-system\/","title":{"rendered":"GS-100II kompakt anten izleme sistemi"},"content":{"rendered":"<div data-elementor-type=\"wp-page\" data-elementor-id=\"703\" class=\"elementor elementor-703\" data-elementor-post-type=\"page\">\n\t\t\t\t<div class=\"elementor-element elementor-element-05d041c e-flex e-con-boxed e-con e-parent\" data-id=\"05d041c\" data-element_type=\"container\" data-settings=\"{&quot;background_background&quot;:&quot;classic&quot;}\">\n\t\t\t\t\t<div class=\"e-con-inner\">\n\t\t\t\t\t<\/div>\n\t\t\t\t<\/div>\n\t\t<div class=\"elementor-element elementor-element-d101ead e-flex e-con-boxed e-con e-parent\" data-id=\"d101ead\" data-element_type=\"container\" data-settings=\"{&quot;background_background&quot;:&quot;classic&quot;}\">\n\t\t\t\t\t<div class=\"e-con-inner\">\n\t\t<div class=\"elementor-element elementor-element-c783fa4 e-grid e-con-full e-con e-child\" data-id=\"c783fa4\" data-element_type=\"container\" data-settings=\"{&quot;background_background&quot;:&quot;classic&quot;}\">\n\t\t\t\t<div class=\"elementor-element elementor-element-5cf7f70 elementor-widget elementor-widget-image\" data-id=\"5cf7f70\" data-element_type=\"widget\" data-widget_type=\"image.default\">\n\t\t\t\t<div class=\"elementor-widget-container\">\n\t\t\t\t\t\t\t\t\t\t\t\t\t\t\t<img fetchpriority=\"high\" decoding=\"async\" width=\"1000\" height=\"1000\" src=\"https:\/\/www.primalucespace.com\/wp-content\/uploads\/2026\/02\/GS-100II-compact-antenna-tracking-system.png\" class=\"attachment-full size-full wp-image-2929\" alt=\"GS-100II kompakt anten izleme sistemi\" srcset=\"https:\/\/www.primalucespace.com\/wp-content\/uploads\/2026\/02\/GS-100II-compact-antenna-tracking-system.png 1000w, https:\/\/www.primalucespace.com\/wp-content\/uploads\/2026\/02\/GS-100II-compact-antenna-tracking-system-300x300.png 300w, https:\/\/www.primalucespace.com\/wp-content\/uploads\/2026\/02\/GS-100II-compact-antenna-tracking-system-150x150.png 150w, https:\/\/www.primalucespace.com\/wp-content\/uploads\/2026\/02\/GS-100II-compact-antenna-tracking-system-768x768.png 768w\" sizes=\"(max-width: 1000px) 100vw, 1000px\" \/>\t\t\t\t\t\t\t\t\t\t\t\t\t\t\t<\/div>\n\t\t\t\t<\/div>\n\t\t<div class=\"elementor-element elementor-element-4b9fe95 e-con-full e-flex e-con e-child\" data-id=\"4b9fe95\" data-element_type=\"container\">\n\t\t\t\t<div class=\"elementor-element elementor-element-82a8a48 elementor-widget elementor-widget-heading\" data-id=\"82a8a48\" data-element_type=\"widget\" data-widget_type=\"heading.default\">\n\t\t\t\t<div class=\"elementor-widget-container\">\n\t\t\t\t\t<h2 class=\"elementor-heading-title elementor-size-default\">GS-100II kompakt anten izleme sistemi<\/h2>\t\t\t\t<\/div>\n\t\t\t\t<\/div>\n\t\t\t\t<div class=\"elementor-element elementor-element-0d57fd8 elementor-widget elementor-widget-text-editor\" data-id=\"0d57fd8\" data-element_type=\"widget\" data-widget_type=\"text-editor.default\">\n\t\t\t\t<div class=\"elementor-widget-container\">\n\t\t\t\t\t\t\t\t\t<p>GS-100II, uydu ileti\u015fimi uygulamalar\u0131 i\u00e7in tasarlanm\u0131\u015f, 100 kg a\u011f\u0131rl\u0131\u011fa ve 3 metre \u00e7apa kadar antenleri destekleyen kompakt ve uygun fiyatl\u0131 bir anten takip sistemidir. Maliyet etkinli\u011fini y\u00fcksek hassasiyetle birle\u015ftiren \u00fcr\u00fcn, eksen ba\u015f\u0131na 0,05\u00b0 y\u00f6nelim ve takip hassasiyeti ile saniyede 6\u00b0'ye kadar d\u00f6nme h\u0131zlar\u0131 sunar. Zorlu \u00e7evresel ko\u015fullarda bile g\u00fcvenilir \u00e7al\u0131\u015fma i\u00e7in tasarlanm\u0131\u015f GS-100II, kompakt bir formatta profesyonel performans sunar.<\/p>\t\t\t\t\t\t\t\t<\/div>\n\t\t\t\t<\/div>\n\t\t<div class=\"elementor-element elementor-element-22e4335 e-con-full e-flex e-con e-child\" data-id=\"22e4335\" data-element_type=\"container\">\n\t\t\t\t<div class=\"elementor-element elementor-element-4b39e6c btn elementor-widget elementor-widget-button\" data-id=\"4b39e6c\" data-element_type=\"widget\" data-widget_type=\"button.default\">\n\t\t\t\t<div class=\"elementor-widget-container\">\n\t\t\t\t\t\t\t\t\t<div class=\"elementor-button-wrapper\">\n\t\t\t\t\t<a class=\"elementor-button elementor-button-link elementor-size-sm\" href=\"mailto:space@primalucelab.com\" target=\"_blank\">\n\t\t\t\t\t\t<span class=\"elementor-button-content-wrapper\">\n\t\t\t\t\t\t<span class=\"elementor-button-icon\">\n\t\t\t\t<svg aria-hidden=\"true\" class=\"e-font-icon-svg e-fas-arrow-right\" viewbox=\"0 0 448 512\" xmlns=\"http:\/\/www.w3.org\/2000\/svg\"><path d=\"M190.5 66.9l22.2-22.2c9.4-9.4 24.6-9.4 33.9 0L441 239c9.4 9.4 9.4 24.6 0 33.9L246.6 467.3c-9.4 9.4-24.6 9.4-33.9 0l-22.2-22.2c-9.5-9.5-9.3-25 .4-34.3L311.4 296H24c-13.3 0-24-10.7-24-24v-32c0-13.3 10.7-24 24-24h287.4L190.9 101.2c-9.8-9.3-10-24.8-.4-34.3z\"><\/path><\/svg>\t\t\t<\/span>\n\t\t\t\t\t\t\t\t\t<span class=\"elementor-button-text\">TEKL\u0130F \u0130STE<\/span>\n\t\t\t\t\t<\/span>\n\t\t\t\t\t<\/a>\n\t\t\t\t<\/div>\n\t\t\t\t\t\t\t\t<\/div>\n\t\t\t\t<\/div>\n\t\t\t\t<\/div>\n\t\t\t\t<\/div>\n\t\t\t\t<\/div>\n\t\t<div class=\"elementor-element elementor-element-360afb3 e-con-full e-flex e-con e-child\" data-id=\"360afb3\" data-element_type=\"container\" data-settings=\"{&quot;background_background&quot;:&quot;classic&quot;}\">\n\t\t\t\t<div class=\"elementor-element elementor-element-aa03c4f elementor-widget elementor-widget-text-editor\" data-id=\"aa03c4f\" data-element_type=\"widget\" data-widget_type=\"text-editor.default\">\n\t\t\t\t<div class=\"elementor-widget-container\">\n\t\t\t\t\t\t\t\t\t<p>Otomatik takip ve GoTo i\u015fleviyle donat\u0131lm\u0131\u015f GS-100II, antenin yumu\u015fak, kesintisiz ve hassas hareket etmesini sa\u011flar. 100 kg y\u00fck kapasitesi ve y\u00fcksek takip do\u011frulu\u011fu, onu \u00e7ok \u00e7e\u015fitli uydu ileti\u015fimi uygulamalar\u0131 i\u00e7in uygun k\u0131lar. Sistem ayr\u0131ca iste\u011fe ba\u011fl\u0131 SPIDER MarkII ve INTREPID i\u00e7in R\u00fczgar Sens\u00f6r\u00fc ile entegre edilebilir; bu sens\u00f6r, r\u00fczgar h\u0131z\u0131 50 km\/s'yi a\u015ft\u0131\u011f\u0131nda anteni otomatik olarak park konumuna (zenite do\u011fru) getirir. Bu konfig\u00fcrasyonda, en d\u00fc\u015f\u00fck r\u00fczgar direncini sunan konuma ge\u00e7en anten, g\u00fcvenli \u00e7al\u0131\u015fmay\u0131 ve sistem korumas\u0131n\u0131 sa\u011flar.<\/p>\t\t\t\t\t\t\t\t<\/div>\n\t\t\t\t<\/div>\n\t\t\t\t<div class=\"elementor-element elementor-element-51e63d0 elementor-widget elementor-widget-image\" data-id=\"51e63d0\" data-element_type=\"widget\" data-widget_type=\"image.default\">\n\t\t\t\t<div class=\"elementor-widget-container\">\n\t\t\t\t\t\t\t\t\t\t\t\t\t\t\t<img decoding=\"async\" width=\"1000\" height=\"573\" src=\"https:\/\/www.primalucespace.com\/wp-content\/uploads\/2024\/12\/GS-100-antenna-tracking-system-for-satellite-communication-description1.jpg\" class=\"attachment-full size-full wp-image-707\" alt=\"\" srcset=\"https:\/\/www.primalucespace.com\/wp-content\/uploads\/2024\/12\/GS-100-antenna-tracking-system-for-satellite-communication-description1.jpg 1000w, https:\/\/www.primalucespace.com\/wp-content\/uploads\/2024\/12\/GS-100-antenna-tracking-system-for-satellite-communication-description1-300x172.jpg 300w, https:\/\/www.primalucespace.com\/wp-content\/uploads\/2024\/12\/GS-100-antenna-tracking-system-for-satellite-communication-description1-768x440.jpg 768w\" sizes=\"(max-width: 1000px) 100vw, 1000px\" \/>\t\t\t\t\t\t\t\t\t\t\t\t\t\t\t<\/div>\n\t\t\t\t<\/div>\n\t\t\t\t<div class=\"elementor-element elementor-element-eb97470 elementor-widget elementor-widget-text-editor\" data-id=\"eb97470\" data-element_type=\"widget\" data-widget_type=\"text-editor.default\">\n\t\t\t\t<div class=\"elementor-widget-container\">\n\t\t\t\t\t\t\t\t\t<p>GS-100II kompakt anten takip sistemi, 3 metre \u00e7apl\u0131 parabolik antenli, iste\u011fe ba\u011fl\u0131 C106-HEAVY-F direk \u00fczerine PEDESTAL ile monte edilmi\u015ftir.<\/p>\t\t\t\t\t\t\t\t<\/div>\n\t\t\t\t<\/div>\n\t\t\t\t<div class=\"elementor-element elementor-element-f3bcb9b elementor-widget elementor-widget-heading\" data-id=\"f3bcb9b\" data-element_type=\"widget\" data-widget_type=\"heading.default\">\n\t\t\t\t<div class=\"elementor-widget-container\">\n\t\t\t\t\t<h2 class=\"elementor-heading-title elementor-size-default\">GS-100II kompakt anten takip sistemi: <span class=\"colored-text\">\u00f6zellikler<\/span>\n<\/h2>\t\t\t\t<\/div>\n\t\t\t\t<\/div>\n\t\t\t\t<div class=\"elementor-element elementor-element-0a3a69c elementor-widget elementor-widget-text-editor\" data-id=\"0a3a69c\" data-element_type=\"widget\" data-widget_type=\"text-editor.default\">\n\t\t\t\t<div class=\"elementor-widget-container\">\n\t\t\t\t\t\t\t\t\t<ul>\n \t<li><strong>T\u00fcr:<\/strong> alt-az anten takip sistemi<\/li>\n \t<li><strong>Y\u00fck kapasitesi<\/strong> 100 kg<\/li>\n \t<li><strong>Hava ko\u015fullar\u0131na dayan\u0131kl\u0131<\/strong> evet<\/li>\n \t<li><strong>Azimut hareketi:<\/strong> 0-360\u00b0<\/li>\n \t<li><strong>Y\u00fckseklik hareketi:<\/strong> 0-90\u00b0<\/li>\n \t<li><strong>Step motorlar<\/strong> kodlay\u0131c\u0131larla<\/li>\n \t<li><strong>Hedefleme ve takip hassasiyeti<\/strong>\u00a00,05\u00b0<\/li>\n \t<li><strong>Encoder \u00e7\u00f6z\u00fcn\u00fcrl\u00fc\u011f\u00fc:<\/strong>\u00a00,0015\u00b0<\/li>\n \t<li><strong>Maksimum h\u0131z<\/strong> Her eksende: 6\u00b0\/sn<\/li>\n<\/ul>\t\t\t\t\t\t\t\t<\/div>\n\t\t\t\t<\/div>\n\t\t\t\t<\/div>\n\t\t\t\t\t<\/div>\n\t\t\t\t<\/div>\n\t\t\t\t<\/div>","protected":false},"excerpt":{"rendered":"<p>GS-100II compact antenna tracking system GS-100II is a compact and affordable antenna tracking system designed for satellite communication applications, supporting [&hellip;]<\/p>\n","protected":false},"author":1,"featured_media":0,"parent":0,"menu_order":0,"comment_status":"closed","ping_status":"closed","template":"","meta":{"site-sidebar-layout":"no-sidebar","site-content-layout":"","ast-site-content-layout":"full-width-container","site-content-style":"default","site-sidebar-style":"default","ast-global-header-display":"","ast-banner-title-visibility":"","ast-main-header-display":"","ast-hfb-above-header-display":"","ast-hfb-below-header-display":"","ast-hfb-mobile-header-display":"","site-post-title":"disabled","ast-breadcrumbs-content":"","ast-featured-img":"disabled","footer-sml-layout":"","theme-transparent-header-meta":"","adv-header-id-meta":"","stick-header-meta":"","header-above-stick-meta":"","header-main-stick-meta":"","header-below-stick-meta":"","astra-migrate-meta-layouts":"default","ast-page-background-enabled":"default","ast-page-background-meta":{"desktop":{"background-color":"var(--ast-global-color-4)","background-image":"","background-repeat":"repeat","background-position":"center center","background-size":"auto","background-attachment":"scroll","background-type":"","background-media":"","overlay-type":"","overlay-color":"","overlay-opacity":"","overlay-gradient":""},"tablet":{"background-color":"","background-image":"","background-repeat":"repeat","background-position":"center center","background-size":"auto","background-attachment":"scroll","background-type":"","background-media":"","overlay-type":"","overlay-color":"","overlay-opacity":"","overlay-gradient":""},"mobile":{"background-color":"","background-image":"","background-repeat":"repeat","background-position":"center center","background-size":"auto","background-attachment":"scroll","background-type":"","background-media":"","overlay-type":"","overlay-color":"","overlay-opacity":"","overlay-gradient":""}},"ast-content-background-meta":{"desktop":{"background-color":"var(--ast-global-color-5)","background-image":"","background-repeat":"repeat","background-position":"center center","background-size":"auto","background-attachment":"scroll","background-type":"","background-media":"","overlay-type":"","overlay-color":"","overlay-opacity":"","overlay-gradient":""},"tablet":{"background-color":"var(--ast-global-color-5)","background-image":"","background-repeat":"repeat","background-position":"center center","background-size":"auto","background-attachment":"scroll","background-type":"","background-media":"","overlay-type":"","overlay-color":"","overlay-opacity":"","overlay-gradient":""},"mobile":{"background-color":"var(--ast-global-color-5)","background-image":"","background-repeat":"repeat","background-position":"center center","background-size":"auto","background-attachment":"scroll","background-type":"","background-media":"","overlay-type":"","overlay-color":"","overlay-opacity":"","overlay-gradient":""}},"footnotes":""},"class_list":["post-703","page","type-page","status-publish","hentry"],"yoast_head":"<!-- This site is optimized with the Yoast SEO plugin v24.4 - https:\/\/yoast.com\/wordpress\/plugins\/seo\/ -->\n<title>GS-100II compact antenna tracking system - PrimaLuceSpace<\/title>\n<meta name=\"robots\" content=\"index, follow, max-snippet:-1, max-image-preview:large, max-video-preview:-1\" \/>\n<link rel=\"canonical\" href=\"https:\/\/www.primalucespace.com\/tr\/gs-100ii-kompakt-anten-takip-sistemi\/\" \/>\n<meta property=\"og:locale\" content=\"tr_TR\" \/>\n<meta property=\"og:type\" content=\"article\" \/>\n<meta property=\"og:title\" content=\"GS-100II compact antenna tracking system - PrimaLuceSpace\" \/>\n<meta property=\"og:description\" content=\"GS-100II compact antenna tracking system GS-100II is a compact and affordable antenna tracking system designed for satellite communication applications, supporting [&hellip;]\" \/>\n<meta property=\"og:url\" content=\"https:\/\/www.primalucespace.com\/tr\/gs-100ii-kompakt-anten-takip-sistemi\/\" \/>\n<meta property=\"og:site_name\" content=\"PrimaLuceSpace\" \/>\n<meta property=\"article:modified_time\" content=\"2026-02-12T09:37:08+00:00\" \/>\n<meta property=\"og:image\" content=\"https:\/\/www.primalucespace.com\/wp-content\/uploads\/2026\/02\/GS-100II-compact-antenna-tracking-system.png\" \/>\n\t<meta property=\"og:image:width\" content=\"1000\" \/>\n\t<meta property=\"og:image:height\" content=\"1000\" \/>\n\t<meta property=\"og:image:type\" content=\"image\/png\" \/>\n<meta name=\"twitter:card\" content=\"summary_large_image\" \/>\n<meta name=\"twitter:label1\" content=\"Est. reading time\" \/>\n\t<meta name=\"twitter:data1\" content=\"2 dakika\" \/>\n<script type=\"application\/ld+json\" class=\"yoast-schema-graph\">{\"@context\":\"https:\/\/schema.org\",\"@graph\":[{\"@type\":\"WebPage\",\"@id\":\"https:\/\/www.primalucespace.com\/gs-100ii-compact-antenna-tracking-system\/\",\"url\":\"https:\/\/www.primalucespace.com\/gs-100ii-compact-antenna-tracking-system\/\",\"name\":\"GS-100II compact antenna tracking system - PrimaLuceSpace\",\"isPartOf\":{\"@id\":\"https:\/\/www.primalucespace.com\/#website\"},\"primaryImageOfPage\":{\"@id\":\"https:\/\/www.primalucespace.com\/gs-100ii-compact-antenna-tracking-system\/#primaryimage\"},\"image\":{\"@id\":\"https:\/\/www.primalucespace.com\/gs-100ii-compact-antenna-tracking-system\/#primaryimage\"},\"thumbnailUrl\":\"https:\/\/www.primalucespace.com\/wp-content\/uploads\/2026\/02\/GS-100II-compact-antenna-tracking-system.png\",\"datePublished\":\"2024-12-24T15:55:15+00:00\",\"dateModified\":\"2026-02-12T09:37:08+00:00\",\"breadcrumb\":{\"@id\":\"https:\/\/www.primalucespace.com\/gs-100ii-compact-antenna-tracking-system\/#breadcrumb\"},\"inLanguage\":\"tr\",\"potentialAction\":[{\"@type\":\"ReadAction\",\"target\":[\"https:\/\/www.primalucespace.com\/gs-100ii-compact-antenna-tracking-system\/\"]}]},{\"@type\":\"ImageObject\",\"inLanguage\":\"tr\",\"@id\":\"https:\/\/www.primalucespace.com\/gs-100ii-compact-antenna-tracking-system\/#primaryimage\",\"url\":\"https:\/\/www.primalucespace.com\/wp-content\/uploads\/2026\/02\/GS-100II-compact-antenna-tracking-system.png\",\"contentUrl\":\"https:\/\/www.primalucespace.com\/wp-content\/uploads\/2026\/02\/GS-100II-compact-antenna-tracking-system.png\"},{\"@type\":\"BreadcrumbList\",\"@id\":\"https:\/\/www.primalucespace.com\/gs-100ii-compact-antenna-tracking-system\/#breadcrumb\",\"itemListElement\":[{\"@type\":\"ListItem\",\"position\":1,\"name\":\"Home\",\"item\":\"https:\/\/www.primalucespace.com\/\"},{\"@type\":\"ListItem\",\"position\":2,\"name\":\"GS-100II compact antenna tracking system\"}]},{\"@type\":\"WebSite\",\"@id\":\"https:\/\/www.primalucespace.com\/#website\",\"url\":\"https:\/\/www.primalucespace.com\/\",\"name\":\"Primalucespace\",\"description\":\"Ground Station Systems designed for independent access to space\",\"publisher\":{\"@id\":\"https:\/\/www.primalucespace.com\/#organization\"},\"alternateName\":\"PLS\",\"potentialAction\":[{\"@type\":\"SearchAction\",\"target\":{\"@type\":\"EntryPoint\",\"urlTemplate\":\"https:\/\/www.primalucespace.com\/?s={search_term_string}\"},\"query-input\":{\"@type\":\"PropertyValueSpecification\",\"valueRequired\":true,\"valueName\":\"search_term_string\"}}],\"inLanguage\":\"tr\"},{\"@type\":\"Organization\",\"@id\":\"https:\/\/www.primalucespace.com\/#organization\",\"name\":\"Primalucespace\",\"alternateName\":\"PLS\",\"url\":\"https:\/\/www.primalucespace.com\/\",\"logo\":{\"@type\":\"ImageObject\",\"inLanguage\":\"tr\",\"@id\":\"https:\/\/www.primalucespace.com\/#\/schema\/logo\/image\/\",\"url\":\"https:\/\/www.primalucespace.com\/wp-content\/uploads\/2024\/12\/cropped-fav-1.png\",\"contentUrl\":\"https:\/\/www.primalucespace.com\/wp-content\/uploads\/2024\/12\/cropped-fav-1.png\",\"width\":512,\"height\":512,\"caption\":\"Primalucespace\"},\"image\":{\"@id\":\"https:\/\/www.primalucespace.com\/#\/schema\/logo\/image\/\"}}]}<\/script>\n<!-- \/ Yoast SEO plugin. -->","yoast_head_json":{"title":"GS-100II kompakt anten takip sistemi - PrimaLuceSpace","robots":{"index":"index","follow":"follow","max-snippet":"max-snippet:-1","max-image-preview":"max-image-preview:large","max-video-preview":"max-video-preview:-1"},"canonical":"https:\/\/www.primalucespace.com\/tr\/gs-100ii-kompakt-anten-takip-sistemi\/","og_locale":"tr_TR","og_type":"article","og_title":"GS-100II compact antenna tracking system - PrimaLuceSpace","og_description":"GS-100II compact antenna tracking system GS-100II is a compact and affordable antenna tracking system designed for satellite communication applications, supporting [&hellip;]","og_url":"https:\/\/www.primalucespace.com\/tr\/gs-100ii-kompakt-anten-takip-sistemi\/","og_site_name":"PrimaLuceSpace","article_modified_time":"2026-02-12T09:37:08+00:00","og_image":[{"width":1000,"height":1000,"url":"https:\/\/www.primalucespace.com\/wp-content\/uploads\/2026\/02\/GS-100II-compact-antenna-tracking-system.png","type":"image\/png"}],"twitter_card":"summary_large_image","twitter_misc":{"Est. reading time":"2 dakika"},"schema":{"@context":"https:\/\/schema.org","@graph":[{"@type":"WebPage","@id":"https:\/\/www.primalucespace.com\/gs-100ii-compact-antenna-tracking-system\/","url":"https:\/\/www.primalucespace.com\/gs-100ii-compact-antenna-tracking-system\/","name":"GS-100II kompakt anten takip sistemi - PrimaLuceSpace","isPartOf":{"@id":"https:\/\/www.primalucespace.com\/#website"},"primaryImageOfPage":{"@id":"https:\/\/www.primalucespace.com\/gs-100ii-compact-antenna-tracking-system\/#primaryimage"},"image":{"@id":"https:\/\/www.primalucespace.com\/gs-100ii-compact-antenna-tracking-system\/#primaryimage"},"thumbnailUrl":"https:\/\/www.primalucespace.com\/wp-content\/uploads\/2026\/02\/GS-100II-compact-antenna-tracking-system.png","datePublished":"2024-12-24T15:55:15+00:00","dateModified":"2026-02-12T09:37:08+00:00","breadcrumb":{"@id":"https:\/\/www.primalucespace.com\/gs-100ii-compact-antenna-tracking-system\/#breadcrumb"},"inLanguage":"tr","potentialAction":[{"@type":"ReadAction","target":["https:\/\/www.primalucespace.com\/gs-100ii-compact-antenna-tracking-system\/"]}]},{"@type":"ImageObject","inLanguage":"tr","@id":"https:\/\/www.primalucespace.com\/gs-100ii-compact-antenna-tracking-system\/#primaryimage","url":"https:\/\/www.primalucespace.com\/wp-content\/uploads\/2026\/02\/GS-100II-compact-antenna-tracking-system.png","contentUrl":"https:\/\/www.primalucespace.com\/wp-content\/uploads\/2026\/02\/GS-100II-compact-antenna-tracking-system.png"},{"@type":"BreadcrumbList","@id":"https:\/\/www.primalucespace.com\/gs-100ii-compact-antenna-tracking-system\/#breadcrumb","itemListElement":[{"@type":"ListItem","position":1,"name":"Home","item":"https:\/\/www.primalucespace.com\/"},{"@type":"ListItem","position":2,"name":"GS-100II compact antenna tracking system"}]},{"@type":"WebSite","@id":"https:\/\/www.primalucespace.com\/#website","url":"https:\/\/www.primalucespace.com\/","name":"Primalucespace","description":"Uzaya ba\u011f\u0131ms\u0131z eri\u015fim i\u00e7in tasarlanm\u0131\u015f Yer \u0130stasyonu Sistemleri","publisher":{"@id":"https:\/\/www.primalucespace.com\/#organization"},"alternateName":"PLS","potentialAction":[{"@type":"SearchAction","target":{"@type":"EntryPoint","urlTemplate":"https:\/\/www.primalucespace.com\/?s={search_term_string}"},"query-input":{"@type":"PropertyValueSpecification","valueRequired":true,"valueName":"search_term_string"}}],"inLanguage":"tr"},{"@type":"Organization","@id":"https:\/\/www.primalucespace.com\/#organization","name":"Primalucespace","alternateName":"PLS","url":"https:\/\/www.primalucespace.com\/","logo":{"@type":"ImageObject","inLanguage":"tr","@id":"https:\/\/www.primalucespace.com\/#\/schema\/logo\/image\/","url":"https:\/\/www.primalucespace.com\/wp-content\/uploads\/2024\/12\/cropped-fav-1.png","contentUrl":"https:\/\/www.primalucespace.com\/wp-content\/uploads\/2024\/12\/cropped-fav-1.png","width":512,"height":512,"caption":"Primalucespace"},"image":{"@id":"https:\/\/www.primalucespace.com\/#\/schema\/logo\/image\/"}}]}},"_links":{"self":[{"href":"https:\/\/www.primalucespace.com\/tr\/wp-json\/wp\/v2\/pages\/703","targetHints":{"allow":["GET"]}}],"collection":[{"href":"https:\/\/www.primalucespace.com\/tr\/wp-json\/wp\/v2\/pages"}],"about":[{"href":"https:\/\/www.primalucespace.com\/tr\/wp-json\/wp\/v2\/types\/page"}],"author":[{"embeddable":true,"href":"https:\/\/www.primalucespace.com\/tr\/wp-json\/wp\/v2\/users\/1"}],"replies":[{"embeddable":true,"href":"https:\/\/www.primalucespace.com\/tr\/wp-json\/wp\/v2\/comments?post=703"}],"version-history":[{"count":34,"href":"https:\/\/www.primalucespace.com\/tr\/wp-json\/wp\/v2\/pages\/703\/revisions"}],"predecessor-version":[{"id":2947,"href":"https:\/\/www.primalucespace.com\/tr\/wp-json\/wp\/v2\/pages\/703\/revisions\/2947"}],"wp:attachment":[{"href":"https:\/\/www.primalucespace.com\/tr\/wp-json\/wp\/v2\/media?parent=703"}],"curies":[{"name":"wp","href":"https:\/\/api.w.org\/{rel}","templated":true}]}}