{"id":685,"date":"2024-12-24T16:44:16","date_gmt":"2024-12-24T15:44:16","guid":{"rendered":"https:\/\/www.primalucespace.com\/?page_id=685"},"modified":"2025-08-28T14:07:26","modified_gmt":"2025-08-28T13:07:26","slug":"gs-400ii-grosantennen-nachfuhrsystem","status":"publish","type":"page","link":"https:\/\/www.primalucespace.com\/de\/gs-400ii-large-antenna-tracking-system\/","title":{"rendered":"Gro\u00dfes Antennenverfolgungssystem GS-400II"},"content":{"rendered":"<div data-elementor-type=\"wp-page\" data-elementor-id=\"685\" class=\"elementor elementor-685\" data-elementor-post-type=\"page\">\n\t\t\t\t<div class=\"elementor-element elementor-element-05d041c e-flex e-con-boxed e-con e-parent\" data-id=\"05d041c\" data-element_type=\"container\" data-settings=\"{&quot;background_background&quot;:&quot;classic&quot;}\">\n\t\t\t\t\t<div class=\"e-con-inner\">\n\t\t\t\t\t<\/div>\n\t\t\t\t<\/div>\n\t\t<div class=\"elementor-element elementor-element-d101ead e-flex e-con-boxed e-con e-parent\" data-id=\"d101ead\" data-element_type=\"container\" data-settings=\"{&quot;background_background&quot;:&quot;classic&quot;}\">\n\t\t\t\t\t<div class=\"e-con-inner\">\n\t\t<div class=\"elementor-element elementor-element-c783fa4 e-grid e-con-full e-con e-child\" data-id=\"c783fa4\" data-element_type=\"container\" data-settings=\"{&quot;background_background&quot;:&quot;classic&quot;}\">\n\t\t\t\t<div class=\"elementor-element elementor-element-5cf7f70 elementor-widget elementor-widget-image\" data-id=\"5cf7f70\" data-element_type=\"widget\" data-widget_type=\"image.default\">\n\t\t\t\t<div class=\"elementor-widget-container\">\n\t\t\t\t\t\t\t\t\t\t\t\t\t\t\t<img fetchpriority=\"high\" decoding=\"async\" width=\"1000\" height=\"1000\" src=\"https:\/\/www.primalucespace.com\/wp-content\/uploads\/2024\/12\/GS-400II-large-antenna-tracking-system.webp\" class=\"attachment-full size-full wp-image-688\" alt=\"Gro\u00dfes Antennenverfolgungssystem GS-400II\" srcset=\"https:\/\/www.primalucespace.com\/wp-content\/uploads\/2024\/12\/GS-400II-large-antenna-tracking-system.webp 1000w, https:\/\/www.primalucespace.com\/wp-content\/uploads\/2024\/12\/GS-400II-large-antenna-tracking-system-300x300.webp 300w, https:\/\/www.primalucespace.com\/wp-content\/uploads\/2024\/12\/GS-400II-large-antenna-tracking-system-150x150.webp 150w, https:\/\/www.primalucespace.com\/wp-content\/uploads\/2024\/12\/GS-400II-large-antenna-tracking-system-768x768.webp 768w\" sizes=\"(max-width: 1000px) 100vw, 1000px\" \/>\t\t\t\t\t\t\t\t\t\t\t\t\t\t\t<\/div>\n\t\t\t\t<\/div>\n\t\t<div class=\"elementor-element elementor-element-4b9fe95 e-con-full e-flex e-con e-child\" data-id=\"4b9fe95\" data-element_type=\"container\">\n\t\t\t\t<div class=\"elementor-element elementor-element-82a8a48 elementor-widget elementor-widget-heading\" data-id=\"82a8a48\" data-element_type=\"widget\" data-widget_type=\"heading.default\">\n\t\t\t\t<div class=\"elementor-widget-container\">\n\t\t\t\t\t<h2 class=\"elementor-heading-title elementor-size-default\">Gro\u00dfes Antennenverfolgungssystem GS-400II\n<\/h2>\t\t\t\t<\/div>\n\t\t\t\t<\/div>\n\t\t\t\t<div class=\"elementor-element elementor-element-0d57fd8 elementor-widget elementor-widget-text-editor\" data-id=\"0d57fd8\" data-element_type=\"widget\" data-widget_type=\"text-editor.default\">\n\t\t\t\t<div class=\"elementor-widget-container\">\n\t\t\t\t\t\t\t\t\tDas GS-400II ist das von uns entwickelte gro\u00dfe Antennenverfolgungssystem, um sehr gro\u00dfe und schwere Parabolantennen mit hoher Pr\u00e4zision und Zuverl\u00e4ssigkeit auch unter rauen Umweltbedingungen zu bewegen. Dank eines pr\u00e4zisen Designs und \u00fcberlegener Ingenieurskunst erm\u00f6glicht dieses Antennenverfolgungssystem die Verwendung von Antennen mit einem Durchmesser von bis zu 5 Metern und einem Gewicht von bis zu 400 kg, was das GS-400II zur optimalen Wahl f\u00fcr viele Anwendungen (wie Weltraumkommunikation) auch f\u00fcr Installationen an abgelegenen Standorten macht.\t\t\t\t\t\t\t\t<\/div>\n\t\t\t\t<\/div>\n\t\t<div class=\"elementor-element elementor-element-22e4335 e-con-full e-flex e-con e-child\" data-id=\"22e4335\" data-element_type=\"container\">\n\t\t\t\t<div class=\"elementor-element elementor-element-4b39e6c btn elementor-widget elementor-widget-button\" data-id=\"4b39e6c\" data-element_type=\"widget\" data-widget_type=\"button.default\">\n\t\t\t\t<div class=\"elementor-widget-container\">\n\t\t\t\t\t\t\t\t\t<div class=\"elementor-button-wrapper\">\n\t\t\t\t\t<a class=\"elementor-button elementor-button-link elementor-size-sm\" href=\"mailto:space@primalucelab.com\" target=\"_blank\">\n\t\t\t\t\t\t<span class=\"elementor-button-content-wrapper\">\n\t\t\t\t\t\t<span class=\"elementor-button-icon\">\n\t\t\t\t<svg aria-hidden=\"true\" class=\"e-font-icon-svg e-fas-arrow-right\" viewbox=\"0 0 448 512\" xmlns=\"http:\/\/www.w3.org\/2000\/svg\"><path d=\"M190.5 66.9l22.2-22.2c9.4-9.4 24.6-9.4 33.9 0L441 239c9.4 9.4 9.4 24.6 0 33.9L246.6 467.3c-9.4 9.4-24.6 9.4-33.9 0l-22.2-22.2c-9.5-9.5-9.3-25 .4-34.3L311.4 296H24c-13.3 0-24-10.7-24-24v-32c0-13.3 10.7-24 24-24h287.4L190.9 101.2c-9.8-9.3-10-24.8-.4-34.3z\"><\/path><\/svg>\t\t\t<\/span>\n\t\t\t\t\t\t\t\t\t<span class=\"elementor-button-text\">ANGEBOT ANFRAGEN<\/span>\n\t\t\t\t\t<\/span>\n\t\t\t\t\t<\/a>\n\t\t\t\t<\/div>\n\t\t\t\t\t\t\t\t<\/div>\n\t\t\t\t<\/div>\n\t\t\t\t<\/div>\n\t\t\t\t<\/div>\n\t\t\t\t<\/div>\n\t\t<div class=\"elementor-element elementor-element-360afb3 e-con-full e-flex e-con e-child\" data-id=\"360afb3\" data-element_type=\"container\" data-settings=\"{&quot;background_background&quot;:&quot;classic&quot;}\">\n\t\t\t\t<div class=\"elementor-element elementor-element-aa03c4f elementor-widget elementor-widget-text-editor\" data-id=\"aa03c4f\" data-element_type=\"widget\" data-widget_type=\"text-editor.default\">\n\t\t\t\t<div class=\"elementor-widget-container\">\n\t\t\t\t\t\t\t\t\tUnsere Antennen-Nachf\u00fchrsysteme sind daf\u00fcr ausgelegt, die Verwendung gro\u00dfer und schwerer Antennen zu erm\u00f6glichen, wobei Position und Nachf\u00fchrung ferngesteuert mit sehr hoher Pr\u00e4zision und Zuverl\u00e4ssigkeit erfolgen. Das GS-400II wurde entwickelt, um die Anforderungen vieler Anwendungen wie Weltraumkommunikation, Verfolgung von unbemannten Luftfahrzeugen, Sonnenverfolgungssysteme usw. zu erf\u00fcllen.\t\t\t\t\t\t\t\t<\/div>\n\t\t\t\t<\/div>\n\t\t\t\t<div class=\"elementor-element elementor-element-a781b73 elementor-widget elementor-widget-heading\" data-id=\"a781b73\" data-element_type=\"widget\" data-widget_type=\"heading.default\">\n\t\t\t\t<div class=\"elementor-widget-container\">\n\t\t\t\t\t<h2 class=\"elementor-heading-title elementor-size-default\">GS-400II ist die gro\u00dfe Antenne <span class=\"colored-text\">\u00dcberwachungssysteme<\/span> f\u00fcr Antennen bis zu <span class=\"colored-text\">5 Meter Durchmesser<\/span><\/h2>\t\t\t\t<\/div>\n\t\t\t\t<\/div>\n\t\t\t\t<div class=\"elementor-element elementor-element-eb97470 elementor-widget elementor-widget-text-editor\" data-id=\"eb97470\" data-element_type=\"widget\" data-widget_type=\"text-editor.default\">\n\t\t\t\t<div class=\"elementor-widget-container\">\n\t\t\t\t\t\t\t\t\tWir haben die GS-400II so konzipiert, dass Sie gro\u00dfe Parabolantennen auch unter widrigen Bedingungen installieren und bewegen k\u00f6nnen. So k\u00f6nnen Sie die Antenne dauerhaft im Freien betreiben (montiert auf einem speziellen Mast mit Betonfundament f\u00fcr eine sichere Installation) und ben\u00f6tigen keinen zus\u00e4tzlichen Schutz (der f\u00fcr eine so gro\u00dfe Antenne zu gro\u00df und teuer w\u00e4re). Ausgestattet mit automatischem Tracking und einem GOTO-System, das von der Antennensteuereinheit gesteuert wird, k\u00f6nnen Sie Ihr Ziel mit gro\u00dfer Pr\u00e4zision anvisieren und verfolgen.\n\n\t\t\t\t\t\t\t\t<\/div>\n\t\t\t\t<\/div>\n\t\t\t\t<div class=\"elementor-element elementor-element-51e63d0 elementor-widget elementor-widget-image\" data-id=\"51e63d0\" data-element_type=\"widget\" data-widget_type=\"image.default\">\n\t\t\t\t<div class=\"elementor-widget-container\">\n\t\t\t\t\t\t\t\t\t\t\t\t\t\t\t<img decoding=\"async\" width=\"1000\" height=\"642\" src=\"https:\/\/www.primalucespace.com\/wp-content\/uploads\/2024\/12\/WP-400-weatherproof-computerized-mount-description2.jpg\" class=\"attachment-full size-full wp-image-689\" alt=\"Gro\u00dfes Antennenverfolgungssystem GS-400II\" srcset=\"https:\/\/www.primalucespace.com\/wp-content\/uploads\/2024\/12\/WP-400-weatherproof-computerized-mount-description2.jpg 1000w, https:\/\/www.primalucespace.com\/wp-content\/uploads\/2024\/12\/WP-400-weatherproof-computerized-mount-description2-300x193.jpg 300w, https:\/\/www.primalucespace.com\/wp-content\/uploads\/2024\/12\/WP-400-weatherproof-computerized-mount-description2-768x493.jpg 768w\" sizes=\"(max-width: 1000px) 100vw, 1000px\" \/>\t\t\t\t\t\t\t\t\t\t\t\t\t\t\t<\/div>\n\t\t\t\t<\/div>\n\t\t\t\t<div class=\"elementor-element elementor-element-f3bcb9b elementor-widget elementor-widget-heading\" data-id=\"f3bcb9b\" data-element_type=\"widget\" data-widget_type=\"heading.default\">\n\t\t\t\t<div class=\"elementor-widget-container\">\n\t\t\t\t\t<h2 class=\"elementor-heading-title elementor-size-default\">Sehr hohe Tragf\u00e4higkeit und <span class=\"colored-text\">Pr\u00e4zisionsnachf\u00fchrungssystem f\u00fcr Antennen bis 5 Meter Durchmesser\n<\/h2>\t\t\t\t<\/div>\n\t\t\t\t<\/div>\n\t\t\t\t<div class=\"elementor-element elementor-element-9734ffe elementor-widget elementor-widget-text-editor\" data-id=\"9734ffe\" data-element_type=\"widget\" data-widget_type=\"text-editor.default\">\n\t\t\t\t<div class=\"elementor-widget-container\">\n\t\t\t\t\t\t\t\t\tDas gro\u00dfe Antennenverfolgungssystem GS-400II hat eine Tragf\u00e4higkeit von 400 kg und wurde speziell entwickelt, um die Verwendung einer Antenne mit 5 Metern Durchmesser bei Windgeschwindigkeiten von bis zu 50 km\/h zu erm\u00f6glichen. Es kann optional mit einem speziellen elektronischen Sicherheitssystem ausgestattet werden, das die Antenne im Zenit (vertikale Position) \u201cparkt\u201d, wenn der Wind 50 km\/h \u00fcberschreitet, und somit den geringsten Windwiderstand bietet. Das GS-400II verf\u00fcgt \u00fcber hochpr\u00e4zise Encoder (Aufl\u00f6sung von 0,0015\u00b0), um die beste Ausrichtungs- und Verfolgungsleistung zu erzielen.\t\t\t\t\t\t\t\t<\/div>\n\t\t\t\t<\/div>\n\t\t\t\t<\/div>\n\t\t\t\t<div class=\"elementor-element elementor-element-0671be9 elementor-widget elementor-widget-image\" data-id=\"0671be9\" data-element_type=\"widget\" data-widget_type=\"image.default\">\n\t\t\t\t<div class=\"elementor-widget-container\">\n\t\t\t\t\t\t\t\t\t\t\t\t\t\t\t<img decoding=\"async\" width=\"1024\" height=\"745\" src=\"https:\/\/www.primalucespace.com\/wp-content\/uploads\/2024\/12\/WP-400-weatherproof-computerized-mount-description4-1024x745.webp\" class=\"attachment-large size-large wp-image-690\" alt=\"Gro\u00dfes Antennenverfolgungssystem GS-400II\" srcset=\"https:\/\/www.primalucespace.com\/wp-content\/uploads\/2024\/12\/WP-400-weatherproof-computerized-mount-description4-1024x745.webp 1024w, https:\/\/www.primalucespace.com\/wp-content\/uploads\/2024\/12\/WP-400-weatherproof-computerized-mount-description4-300x218.webp 300w, https:\/\/www.primalucespace.com\/wp-content\/uploads\/2024\/12\/WP-400-weatherproof-computerized-mount-description4-768x559.webp 768w, https:\/\/www.primalucespace.com\/wp-content\/uploads\/2024\/12\/WP-400-weatherproof-computerized-mount-description4-1536x1118.webp 1536w, https:\/\/www.primalucespace.com\/wp-content\/uploads\/2024\/12\/WP-400-weatherproof-computerized-mount-description4-2048x1490.webp 2048w\" sizes=\"(max-width: 1024px) 100vw, 1024px\" \/>\t\t\t\t\t\t\t\t\t\t\t\t\t\t\t<\/div>\n\t\t\t\t<\/div>\n\t\t\t\t<div class=\"elementor-element elementor-element-ceeb6b0 elementor-widget elementor-widget-heading\" data-id=\"ceeb6b0\" data-element_type=\"widget\" data-widget_type=\"heading.default\">\n\t\t\t\t<div class=\"elementor-widget-container\">\n\t\t\t\t\t<h2 class=\"elementor-heading-title elementor-size-default\">GS-400II Antennenverfolgungssystem <span class=\"colored-text\">Spezifikationen<\/span><\/h2>\t\t\t\t<\/div>\n\t\t\t\t<\/div>\n\t\t\t\t<div class=\"elementor-element elementor-element-0a3a69c elementor-widget elementor-widget-text-editor\" data-id=\"0a3a69c\" data-element_type=\"widget\" data-widget_type=\"text-editor.default\">\n\t\t\t\t<div class=\"elementor-widget-container\">\n\t\t\t\t\t\t\t\t\t<ul><li><strong>Typ:<\/strong> Alt-Az Antennenverfolgungssystem<\/li><li><strong>Tragf\u00e4higkeit:<\/strong> 400 kg<\/li><li><strong>Wetterfest<\/strong> Ja<\/li><li><strong>Azimutbewegung<\/strong> 0-360\u00b0<\/li><li><strong>H\u00f6henbewegung<\/strong> 0-90\u00b0<\/li><li><strong>Schrittmotoren<\/strong> mit Encodern<\/li><li><strong>Encoder-Aufl\u00f6sung<\/strong>\u00a00,0015\u00b0<\/li><li><strong>H\u00f6chstgeschwindigkeit<\/strong> in AZ und EL: 2\u00b0\/Sek.<\/li><\/ul>\t\t\t\t\t\t\t\t<\/div>\n\t\t\t\t<\/div>\n\t\t\t\t\t<\/div>\n\t\t\t\t<\/div>\n\t\t\t\t<\/div>","protected":false},"excerpt":{"rendered":"<p>GS-400II large antenna tracking system GS-400II is the large antenna tracking system we designed in order to move very large [&hellip;]<\/p>\n","protected":false},"author":1,"featured_media":0,"parent":0,"menu_order":0,"comment_status":"closed","ping_status":"closed","template":"","meta":{"site-sidebar-layout":"no-sidebar","site-content-layout":"","ast-site-content-layout":"full-width-container","site-content-style":"default","site-sidebar-style":"default","ast-global-header-display":"","ast-banner-title-visibility":"","ast-main-header-display":"","ast-hfb-above-header-display":"","ast-hfb-below-header-display":"","ast-hfb-mobile-header-display":"","site-post-title":"disabled","ast-breadcrumbs-content":"","ast-featured-img":"disabled","footer-sml-layout":"","theme-transparent-header-meta":"","adv-header-id-meta":"","stick-header-meta":"","header-above-stick-meta":"","header-main-stick-meta":"","header-below-stick-meta":"","astra-migrate-meta-layouts":"default","ast-page-background-enabled":"default","ast-page-background-meta":{"desktop":{"background-color":"var(--ast-global-color-4)","background-image":"","background-repeat":"repeat","background-position":"center center","background-size":"auto","background-attachment":"scroll","background-type":"","background-media":"","overlay-type":"","overlay-color":"","overlay-opacity":"","overlay-gradient":""},"tablet":{"background-color":"","background-image":"","background-repeat":"repeat","background-position":"center center","background-size":"auto","background-attachment":"scroll","background-type":"","background-media":"","overlay-type":"","overlay-color":"","overlay-opacity":"","overlay-gradient":""},"mobile":{"background-color":"","background-image":"","background-repeat":"repeat","background-position":"center center","background-size":"auto","background-attachment":"scroll","background-type":"","background-media":"","overlay-type":"","overlay-color":"","overlay-opacity":"","overlay-gradient":""}},"ast-content-background-meta":{"desktop":{"background-color":"var(--ast-global-color-5)","background-image":"","background-repeat":"repeat","background-position":"center center","background-size":"auto","background-attachment":"scroll","background-type":"","background-media":"","overlay-type":"","overlay-color":"","overlay-opacity":"","overlay-gradient":""},"tablet":{"background-color":"var(--ast-global-color-5)","background-image":"","background-repeat":"repeat","background-position":"center center","background-size":"auto","background-attachment":"scroll","background-type":"","background-media":"","overlay-type":"","overlay-color":"","overlay-opacity":"","overlay-gradient":""},"mobile":{"background-color":"var(--ast-global-color-5)","background-image":"","background-repeat":"repeat","background-position":"center center","background-size":"auto","background-attachment":"scroll","background-type":"","background-media":"","overlay-type":"","overlay-color":"","overlay-opacity":"","overlay-gradient":""}},"footnotes":""},"class_list":["post-685","page","type-page","status-publish","hentry"],"yoast_head":"<!-- This site is optimized with the Yoast SEO plugin v24.4 - https:\/\/yoast.com\/wordpress\/plugins\/seo\/ -->\n<title>GS-400II large antenna tracking system - PrimaLuceSpace<\/title>\n<meta name=\"robots\" content=\"index, follow, max-snippet:-1, max-image-preview:large, max-video-preview:-1\" \/>\n<link rel=\"canonical\" href=\"https:\/\/www.primalucespace.com\/de\/gs-400ii-grosantennen-nachfuhrsystem\/\" \/>\n<meta property=\"og:locale\" content=\"de_DE\" \/>\n<meta property=\"og:type\" content=\"article\" \/>\n<meta property=\"og:title\" content=\"GS-400II large antenna tracking system - PrimaLuceSpace\" \/>\n<meta property=\"og:description\" content=\"GS-400II large antenna tracking system GS-400II is the large antenna tracking system we designed in order to move very large [&hellip;]\" \/>\n<meta property=\"og:url\" content=\"https:\/\/www.primalucespace.com\/de\/gs-400ii-grosantennen-nachfuhrsystem\/\" \/>\n<meta property=\"og:site_name\" content=\"PrimaLuceSpace\" \/>\n<meta property=\"article:modified_time\" content=\"2025-08-28T13:07:26+00:00\" \/>\n<meta property=\"og:image\" content=\"https:\/\/www.primalucespace.com\/wp-content\/uploads\/2024\/12\/GS-400II-large-antenna-tracking-system.webp\" \/>\n\t<meta property=\"og:image:width\" content=\"1000\" \/>\n\t<meta property=\"og:image:height\" content=\"1000\" \/>\n\t<meta property=\"og:image:type\" content=\"image\/webp\" \/>\n<meta name=\"twitter:card\" content=\"summary_large_image\" \/>\n<meta name=\"twitter:label1\" content=\"Gesch\u00e4tzte Lesezeit\" \/>\n\t<meta name=\"twitter:data1\" content=\"3\u00a0Minuten\" \/>\n<script type=\"application\/ld+json\" class=\"yoast-schema-graph\">{\"@context\":\"https:\/\/schema.org\",\"@graph\":[{\"@type\":\"WebPage\",\"@id\":\"https:\/\/www.primalucespace.com\/gs-400ii-large-antenna-tracking-system\/\",\"url\":\"https:\/\/www.primalucespace.com\/gs-400ii-large-antenna-tracking-system\/\",\"name\":\"GS-400II large antenna tracking system - PrimaLuceSpace\",\"isPartOf\":{\"@id\":\"https:\/\/www.primalucespace.com\/#website\"},\"primaryImageOfPage\":{\"@id\":\"https:\/\/www.primalucespace.com\/gs-400ii-large-antenna-tracking-system\/#primaryimage\"},\"image\":{\"@id\":\"https:\/\/www.primalucespace.com\/gs-400ii-large-antenna-tracking-system\/#primaryimage\"},\"thumbnailUrl\":\"https:\/\/www.primalucespace.com\/wp-content\/uploads\/2024\/12\/GS-400II-large-antenna-tracking-system.webp\",\"datePublished\":\"2024-12-24T15:44:16+00:00\",\"dateModified\":\"2025-08-28T13:07:26+00:00\",\"breadcrumb\":{\"@id\":\"https:\/\/www.primalucespace.com\/gs-400ii-large-antenna-tracking-system\/#breadcrumb\"},\"inLanguage\":\"de\",\"potentialAction\":[{\"@type\":\"ReadAction\",\"target\":[\"https:\/\/www.primalucespace.com\/gs-400ii-large-antenna-tracking-system\/\"]}]},{\"@type\":\"ImageObject\",\"inLanguage\":\"de\",\"@id\":\"https:\/\/www.primalucespace.com\/gs-400ii-large-antenna-tracking-system\/#primaryimage\",\"url\":\"https:\/\/www.primalucespace.com\/wp-content\/uploads\/2024\/12\/GS-400II-large-antenna-tracking-system.webp\",\"contentUrl\":\"https:\/\/www.primalucespace.com\/wp-content\/uploads\/2024\/12\/GS-400II-large-antenna-tracking-system.webp\"},{\"@type\":\"BreadcrumbList\",\"@id\":\"https:\/\/www.primalucespace.com\/gs-400ii-large-antenna-tracking-system\/#breadcrumb\",\"itemListElement\":[{\"@type\":\"ListItem\",\"position\":1,\"name\":\"Home\",\"item\":\"https:\/\/www.primalucespace.com\/\"},{\"@type\":\"ListItem\",\"position\":2,\"name\":\"GS-400II large antenna tracking system\"}]},{\"@type\":\"WebSite\",\"@id\":\"https:\/\/www.primalucespace.com\/#website\",\"url\":\"https:\/\/www.primalucespace.com\/\",\"name\":\"Primalucespace\",\"description\":\"Ground Station Systems designed for independent access to space\",\"publisher\":{\"@id\":\"https:\/\/www.primalucespace.com\/#organization\"},\"alternateName\":\"PLS\",\"potentialAction\":[{\"@type\":\"SearchAction\",\"target\":{\"@type\":\"EntryPoint\",\"urlTemplate\":\"https:\/\/www.primalucespace.com\/?s={search_term_string}\"},\"query-input\":{\"@type\":\"PropertyValueSpecification\",\"valueRequired\":true,\"valueName\":\"search_term_string\"}}],\"inLanguage\":\"de\"},{\"@type\":\"Organization\",\"@id\":\"https:\/\/www.primalucespace.com\/#organization\",\"name\":\"Primalucespace\",\"alternateName\":\"PLS\",\"url\":\"https:\/\/www.primalucespace.com\/\",\"logo\":{\"@type\":\"ImageObject\",\"inLanguage\":\"de\",\"@id\":\"https:\/\/www.primalucespace.com\/#\/schema\/logo\/image\/\",\"url\":\"https:\/\/www.primalucespace.com\/wp-content\/uploads\/2024\/12\/cropped-fav-1.png\",\"contentUrl\":\"https:\/\/www.primalucespace.com\/wp-content\/uploads\/2024\/12\/cropped-fav-1.png\",\"width\":512,\"height\":512,\"caption\":\"Primalucespace\"},\"image\":{\"@id\":\"https:\/\/www.primalucespace.com\/#\/schema\/logo\/image\/\"}}]}<\/script>\n<!-- \/ Yoast SEO plugin. -->","yoast_head_json":{"title":"GS-400II gro\u00dfes Antennen-Nachf\u00fchrsystem - PrimaLuceSpace","robots":{"index":"index","follow":"follow","max-snippet":"max-snippet:-1","max-image-preview":"max-image-preview:large","max-video-preview":"max-video-preview:-1"},"canonical":"https:\/\/www.primalucespace.com\/de\/gs-400ii-grosantennen-nachfuhrsystem\/","og_locale":"de_DE","og_type":"article","og_title":"GS-400II large antenna tracking system - PrimaLuceSpace","og_description":"GS-400II large antenna tracking system GS-400II is the large antenna tracking system we designed in order to move very large [&hellip;]","og_url":"https:\/\/www.primalucespace.com\/de\/gs-400ii-grosantennen-nachfuhrsystem\/","og_site_name":"PrimaLuceSpace","article_modified_time":"2025-08-28T13:07:26+00:00","og_image":[{"width":1000,"height":1000,"url":"https:\/\/www.primalucespace.com\/wp-content\/uploads\/2024\/12\/GS-400II-large-antenna-tracking-system.webp","type":"image\/webp"}],"twitter_card":"summary_large_image","twitter_misc":{"Gesch\u00e4tzte Lesezeit":"3\u00a0Minuten"},"schema":{"@context":"https:\/\/schema.org","@graph":[{"@type":"WebPage","@id":"https:\/\/www.primalucespace.com\/gs-400ii-large-antenna-tracking-system\/","url":"https:\/\/www.primalucespace.com\/gs-400ii-large-antenna-tracking-system\/","name":"GS-400II gro\u00dfes Antennen-Nachf\u00fchrsystem - PrimaLuceSpace","isPartOf":{"@id":"https:\/\/www.primalucespace.com\/#website"},"primaryImageOfPage":{"@id":"https:\/\/www.primalucespace.com\/gs-400ii-large-antenna-tracking-system\/#primaryimage"},"image":{"@id":"https:\/\/www.primalucespace.com\/gs-400ii-large-antenna-tracking-system\/#primaryimage"},"thumbnailUrl":"https:\/\/www.primalucespace.com\/wp-content\/uploads\/2024\/12\/GS-400II-large-antenna-tracking-system.webp","datePublished":"2024-12-24T15:44:16+00:00","dateModified":"2025-08-28T13:07:26+00:00","breadcrumb":{"@id":"https:\/\/www.primalucespace.com\/gs-400ii-large-antenna-tracking-system\/#breadcrumb"},"inLanguage":"de","potentialAction":[{"@type":"ReadAction","target":["https:\/\/www.primalucespace.com\/gs-400ii-large-antenna-tracking-system\/"]}]},{"@type":"ImageObject","inLanguage":"de","@id":"https:\/\/www.primalucespace.com\/gs-400ii-large-antenna-tracking-system\/#primaryimage","url":"https:\/\/www.primalucespace.com\/wp-content\/uploads\/2024\/12\/GS-400II-large-antenna-tracking-system.webp","contentUrl":"https:\/\/www.primalucespace.com\/wp-content\/uploads\/2024\/12\/GS-400II-large-antenna-tracking-system.webp"},{"@type":"BreadcrumbList","@id":"https:\/\/www.primalucespace.com\/gs-400ii-large-antenna-tracking-system\/#breadcrumb","itemListElement":[{"@type":"ListItem","position":1,"name":"Home","item":"https:\/\/www.primalucespace.com\/"},{"@type":"ListItem","position":2,"name":"GS-400II large antenna tracking system"}]},{"@type":"WebSite","@id":"https:\/\/www.primalucespace.com\/#website","url":"https:\/\/www.primalucespace.com\/","name":"Primalucespace","description":"Bodenstationssysteme f\u00fcr unabh\u00e4ngigen Zugang zum Weltraum","publisher":{"@id":"https:\/\/www.primalucespace.com\/#organization"},"alternateName":"PLS","potentialAction":[{"@type":"SearchAction","target":{"@type":"EntryPoint","urlTemplate":"https:\/\/www.primalucespace.com\/?s={search_term_string}"},"query-input":{"@type":"PropertyValueSpecification","valueRequired":true,"valueName":"search_term_string"}}],"inLanguage":"de"},{"@type":"Organization","@id":"https:\/\/www.primalucespace.com\/#organization","name":"Primalucespace","alternateName":"PLS","url":"https:\/\/www.primalucespace.com\/","logo":{"@type":"ImageObject","inLanguage":"de","@id":"https:\/\/www.primalucespace.com\/#\/schema\/logo\/image\/","url":"https:\/\/www.primalucespace.com\/wp-content\/uploads\/2024\/12\/cropped-fav-1.png","contentUrl":"https:\/\/www.primalucespace.com\/wp-content\/uploads\/2024\/12\/cropped-fav-1.png","width":512,"height":512,"caption":"Primalucespace"},"image":{"@id":"https:\/\/www.primalucespace.com\/#\/schema\/logo\/image\/"}}]}},"_links":{"self":[{"href":"https:\/\/www.primalucespace.com\/de\/wp-json\/wp\/v2\/pages\/685","targetHints":{"allow":["GET"]}}],"collection":[{"href":"https:\/\/www.primalucespace.com\/de\/wp-json\/wp\/v2\/pages"}],"about":[{"href":"https:\/\/www.primalucespace.com\/de\/wp-json\/wp\/v2\/types\/page"}],"author":[{"embeddable":true,"href":"https:\/\/www.primalucespace.com\/de\/wp-json\/wp\/v2\/users\/1"}],"replies":[{"embeddable":true,"href":"https:\/\/www.primalucespace.com\/de\/wp-json\/wp\/v2\/comments?post=685"}],"version-history":[{"count":25,"href":"https:\/\/www.primalucespace.com\/de\/wp-json\/wp\/v2\/pages\/685\/revisions"}],"predecessor-version":[{"id":1987,"href":"https:\/\/www.primalucespace.com\/de\/wp-json\/wp\/v2\/pages\/685\/revisions\/1987"}],"wp:attachment":[{"href":"https:\/\/www.primalucespace.com\/de\/wp-json\/wp\/v2\/media?parent=685"}],"curies":[{"name":"wp","href":"https:\/\/api.w.org\/{rel}","templated":true}]}}